{"id":9297,"date":"2015-08-01T23:58:16","date_gmt":"2015-08-01T23:58:16","guid":{"rendered":"http:\/\/bor-plastika.kliktronik.info\/ru\/o-nama\/"},"modified":"2015-08-01T23:58:16","modified_gmt":"2015-08-01T23:58:16","slug":"o-nama","status":"publish","type":"page","link":"https:\/\/www.borplastikaeko.me\/ru\/o-nama\/","title":{"rendered":"O nama"},"content":{"rendered":"<p>[vc_row css=&#187;.vc_custom_1438475182617{padding-top: 30px !important;}&#187;][vc_column width=&#187;1\/4&#8243;][vc_single_image image=&#187;7947&#8243; img_size=&#187;medium&#187; style=&#187;vc_box_border&#187;][\/vc_column][vc_column width=&#187;3\/4&#8243;][vc_column_text]Tvrtka Bor-plastika d.o.o. osnovana je 1997. godine, u potpuno privatnom vlasni\u0161tvu. Od male, no perspektivne\u00a0 tvrtke, razvila se u renomiranu, poznatu i od struke priznatu firmu, koja nudi \u0161irok spektar proizvoda od termoplastike.<\/p>\n<p>Zahvaljuju\u0107i trudu ulo\u017eenom u neprekidno usavr\u0161avanje tehnologije proizvodnje, s ponosom mo\u017eemo re\u0107i da se konkurentnost na\u0161eg proizvodnog asortimana mo\u017ee mjeriti, ne samo u lokalnim nego i u regionalnim razmjerima. Naime, tvrtka Bor-plastika d.o.o. ima otvorene podru\u017enice u Srbiji te Bosni i Hercegovini, gdje posluje sa zapa\u017eenim uspjehom.<\/p>\n<p>Projektiranje i izrada na\u0161ih ure\u0111aja baziraju se na smjernicama koje nala\u017ee Europska unija, te normama priznatim od strane iste.[\/vc_column_text][\/vc_column][\/vc_row][vc_row][vc_column][vc_column_text]Uz svaki isporu\u010den ure\u0111aj kupac dobiva i Potvrdu kvalitete, a samo atestiranje vr\u0161e institucije nadle\u017ene za obavljanje te djelatnosti. U cjelokupno poslovanje na\u0161e tvrtke implementiran je integrirani sustav upravljanja kvalitetom i okoli\u0161em sukladno me\u0111unarodnim standardima ISO 9001:2008 i ISO 14001:2004.<\/p>\n<p>Na\u0161i djelatnici, svojim znanjem, trudom i predano\u0161\u0107u, svakodnevno osiguravaju visoku razinu kvalitete proizvoda i uspje\u0161nost samog poslovanja tvrtke. U \u017eelji da zahtjevi i potrebe krajnjeg korisnika na\u0161ih proizvoda u potpunosti budu ispo\u0161tovani, trudimo se postoje\u0107e znanje i sposobnosti dodatno usavr\u0161avati te dr\u017eati korak s trenutnim svjetskim trendovima.<\/p>\n<p>Daljnjim razvojem tehnologije i ure\u0111aja za za\u0161titu \u017eivotne sredine, prvenstveno ure\u0111aja za pro\u010di\u0161\u0107avanje vode i zraka, Bor-plastika ujedinjuje svoje znanje i dugogodi\u0161nje iskustvo s priznatim sveu\u010dili\u0161tima: Fakultetu kemijskog in\u017eenjerstva i tehnologije Sveu\u010dili\u0161ta u Zagrebu te Gra\u0111evinskom fakulteta Sveu\u010dili\u0161ta u Zagrebu. Takvom fuzijom svi djelatnici Bor-plastike daju svoj doprinos, ne samo kvalitetno sa\u010duvanoj \u017eivotnoj sredini ve\u0107 i stvaranju visoko kvalitetnih proizvoda.<\/p>\n<p>Svjesni \u010dinjenice da je za\u0161tita okoli\u0161a, te o\u010duvanje prirode i njezinih resursa, neizostavan segment u kreiranju poslovne strategije svake ekolo\u0161ki osvije\u0161tene tvrtke, odlu\u010dili smo sve proizvodne \u010dimbenike prilagoditi navedenom i dugoro\u010dne planove bazirati na istom.<\/p>\n<p>Ovim bih se putem htio zahvaliti svim na\u0161im djelatnicima, kao i mnogobrojnim poslovnim partnerima, koji tvrtku Bor-plastika d.o.o. \u010dine upravo ovakvom kakva je danas i potvr\u0111uju njezin status \u2013 visoko na ljestvici iznimno zahtjevnog mjerila zvanoga regionalno tr\u017ei\u0161te.[\/vc_column_text][\/vc_column][\/vc_row][vc_row][vc_column][vc_custom_heading text=&#187;POLITIKA KVALITETE I OKOLI\u0160A&#187; font_container=&#187;tag:h2|text_align:center&#187; css=&#187;.vc_custom_1438475236848{margin-bottom: 10px !important;}&#187;][vc_custom_heading text=&#187;Budu\u0107nost postoji!&#187; font_container=&#187;tag:h2|text_align:center&#187;][vc_column_text]<\/p>\n<h3>Filozofija:<\/h3>\n<p>Dugogodi\u0161njim iskustvom smo dostigli prepoznatljivu kvalitetu na tr\u017ei\u0161tu, koja je pridonijela o\u010duvanju i za\u0161titi okoli\u0161a, a time i pove\u0107anju \u017eivotnog standarda. Suvremena tehnologija nam omogu\u0107ava da zadovoljimo sve specifi\u010dne potrebe kupaca, pri \u010demu je za\u0161tita okoli\u0161a na prvom mjestu. Kako se nalazimo u neposrednoj blizini Parka prirode \u201eKopa\u010dki rit\u201c, dugoro\u010dna misija nam je da na\u0161u djelatnost prilagodimo politici odr\u017eivog razvoja cijele regije.<\/p>\n<h3>Ciljevi:<\/h3>\n<ul>\n<li>Neprekidno pove\u0107avanje kvalitete i sigurnosti na\u0161ih proizvoda<\/li>\n<li>Razvoj novih tehnologija i proizvoda<\/li>\n<li>Pro\u0161irivanje proizvodnje<\/li>\n<li>Pove\u0107avanje konkurentnosti na inozemnom tr\u017ei\u0161tu<\/li>\n<li>Neprekidan nadzor i smanjenje negativnih utjecaja na okoli\u0161<\/li>\n<li>Kontinuirano uskla\u0111ivanje sa va\u017ee\u0107im pravilnicima i zakonima<\/li>\n<li>Podizanje svijesti pu\u010danstva o brizi za okoli\u0161<\/li>\n<\/ul>\n<h3>Sredstva:<\/h3>\n<p>Kako bi se postiglo \u0161to ve\u0107e zadovoljstvo kupaca i \u0161to manje optere\u0107enje okoli\u0161a, na\u0161i djelatnici se kontinuirano obu\u010davaju na seminarima, te\u010dajevima i simpozijima ovisno o domeni struke. Svi djelatnici u proizvodnji su certificirani za zavarivanje prema smjernicama njema\u010dkog udru\u017eenja zavariva\u010da.<br \/>\nSvi na\u0161i ure\u0111aji za pro\u010di\u0161\u0107avanje otpadnih voda se projektiraju i izra\u0111uju prema europskim normama, te su atestirani od strane odgovaraju\u0107e institucije.<br \/>\nSvaki djelatnik tvrtke je upoznat sa politikom poslovanja, radi u duhu uvedenih normi, te sa svojim pristupom pridonosi neprekidnom pobolj\u0161avanju kvalitete i o\u010duvanju okoli\u0161a.[\/vc_column_text][\/vc_column][\/vc_row][vc_row][vc_column][\/vc_column][\/vc_row]<\/p>\n","protected":false},"excerpt":{"rendered":"<p>[vc_row css=&#187;.vc_custom_1438475182617{padding-top: 30px !important;}&#187;][vc_column width=&#187;1\/4&#8243;][vc_single_image image=&#187;7947&#8243; img_size=&#187;medium&#187; style=&#187;vc_box_border&#187;][\/vc_column][vc_column width=&#187;3\/4&#8243;][vc_column_text]Tvrtka Bor-plastika d.o.o. osnovana je 1997. godine, u potpuno privatnom vlasni\u0161tvu. Od male, no perspektivne\u00a0 tvrtke, razvila se u renomiranu, poznatu i od struke priznatu firmu, koja nudi \u0161irok spektar proizvoda od termoplastike. Zahvaljuju\u0107i trudu ulo\u017eenom u neprekidno usavr\u0161avanje tehnologije proizvodnje, s ponosom mo\u017eemo re\u0107i da se<\/p>\n","protected":false},"author":1,"featured_media":0,"parent":0,"menu_order":0,"comment_status":"open","ping_status":"open","template":"","meta":[],"yoast_head":"<!-- This site is optimized with the Yoast SEO plugin v18.4.1 - https:\/\/yoast.com\/wordpress\/plugins\/seo\/ -->\n<title>O nama - Bor Plastika<\/title>\n<meta name=\"robots\" content=\"index, follow, max-snippet:-1, max-image-preview:large, max-video-preview:-1\" \/>\n<link rel=\"canonical\" href=\"https:\/\/www.borplastikaeko.me\/ru\/o-nama\/\" \/>\n<meta property=\"og:locale\" content=\"ru_RU\" \/>\n<meta property=\"og:type\" content=\"article\" \/>\n<meta property=\"og:title\" content=\"O nama - Bor Plastika\" \/>\n<meta property=\"og:description\" content=\"[vc_row css=&#187;.vc_custom_1438475182617{padding-top: 30px !important;}&#187;][vc_column width=&#187;1\/4&#8243;][vc_single_image image=&#187;7947&#8243; img_size=&#187;medium&#187; style=&#187;vc_box_border&#187;][\/vc_column][vc_column width=&#187;3\/4&#8243;][vc_column_text]Tvrtka Bor-plastika d.o.o. osnovana je 1997. godine, u potpuno privatnom vlasni\u0161tvu. Od male, no perspektivne\u00a0 tvrtke, razvila se u renomiranu, poznatu i od struke priznatu firmu, koja nudi \u0161irok spektar proizvoda od termoplastike. Zahvaljuju\u0107i trudu ulo\u017eenom u neprekidno usavr\u0161avanje tehnologije proizvodnje, s ponosom mo\u017eemo re\u0107i da se\" \/>\n<meta property=\"og:url\" content=\"https:\/\/www.borplastikaeko.me\/ru\/o-nama\/\" \/>\n<meta property=\"og:site_name\" content=\"Bor Plastika\" \/>\n<meta name=\"twitter:card\" content=\"summary\" \/>\n<meta name=\"twitter:label1\" content=\"\u041f\u0440\u0438\u043c\u0435\u0440\u043d\u043e\u0435 \u0432\u0440\u0435\u043c\u044f \u0434\u043b\u044f \u0447\u0442\u0435\u043d\u0438\u044f\" \/>\n\t<meta name=\"twitter:data1\" content=\"4 \u043c\u0438\u043d\u0443\u0442\u044b\" \/>\n<script type=\"application\/ld+json\" class=\"yoast-schema-graph\">{\"@context\":\"https:\/\/schema.org\",\"@graph\":[{\"@type\":\"WebSite\",\"@id\":\"https:\/\/www.borplastikaeko.me\/#website\",\"url\":\"https:\/\/www.borplastikaeko.me\/\",\"name\":\"Bor Plastika\",\"description\":\"Samo jo\u0161 jedna WordPress web stranica\",\"potentialAction\":[{\"@type\":\"SearchAction\",\"target\":{\"@type\":\"EntryPoint\",\"urlTemplate\":\"https:\/\/www.borplastikaeko.me\/?s={search_term_string}\"},\"query-input\":\"required name=search_term_string\"}],\"inLanguage\":\"ru-RU\"},{\"@type\":\"WebPage\",\"@id\":\"https:\/\/www.borplastikaeko.me\/ru\/o-nama\/#webpage\",\"url\":\"https:\/\/www.borplastikaeko.me\/ru\/o-nama\/\",\"name\":\"O nama - Bor Plastika\",\"isPartOf\":{\"@id\":\"https:\/\/www.borplastikaeko.me\/#website\"},\"datePublished\":\"2015-08-01T23:58:16+00:00\",\"dateModified\":\"2015-08-01T23:58:16+00:00\",\"breadcrumb\":{\"@id\":\"https:\/\/www.borplastikaeko.me\/ru\/o-nama\/#breadcrumb\"},\"inLanguage\":\"ru-RU\",\"potentialAction\":[{\"@type\":\"ReadAction\",\"target\":[\"https:\/\/www.borplastikaeko.me\/ru\/o-nama\/\"]}]},{\"@type\":\"BreadcrumbList\",\"@id\":\"https:\/\/www.borplastikaeko.me\/ru\/o-nama\/#breadcrumb\",\"itemListElement\":[{\"@type\":\"ListItem\",\"position\":1,\"name\":\"Po\u010detna stranica\",\"item\":\"https:\/\/www.borplastikaeko.me\/ru\/\"},{\"@type\":\"ListItem\",\"position\":2,\"name\":\"O nama\"}]}]}<\/script>\n<!-- \/ Yoast SEO plugin. -->","yoast_head_json":{"title":"O nama - Bor Plastika","robots":{"index":"index","follow":"follow","max-snippet":"max-snippet:-1","max-image-preview":"max-image-preview:large","max-video-preview":"max-video-preview:-1"},"canonical":"https:\/\/www.borplastikaeko.me\/ru\/o-nama\/","og_locale":"ru_RU","og_type":"article","og_title":"O nama - Bor Plastika","og_description":"[vc_row css=&#187;.vc_custom_1438475182617{padding-top: 30px !important;}&#187;][vc_column width=&#187;1\/4&#8243;][vc_single_image image=&#187;7947&#8243; img_size=&#187;medium&#187; style=&#187;vc_box_border&#187;][\/vc_column][vc_column width=&#187;3\/4&#8243;][vc_column_text]Tvrtka Bor-plastika d.o.o. osnovana je 1997. godine, u potpuno privatnom vlasni\u0161tvu. Od male, no perspektivne\u00a0 tvrtke, razvila se u renomiranu, poznatu i od struke priznatu firmu, koja nudi \u0161irok spektar proizvoda od termoplastike. Zahvaljuju\u0107i trudu ulo\u017eenom u neprekidno usavr\u0161avanje tehnologije proizvodnje, s ponosom mo\u017eemo re\u0107i da se","og_url":"https:\/\/www.borplastikaeko.me\/ru\/o-nama\/","og_site_name":"Bor Plastika","twitter_card":"summary","twitter_misc":{"\u041f\u0440\u0438\u043c\u0435\u0440\u043d\u043e\u0435 \u0432\u0440\u0435\u043c\u044f \u0434\u043b\u044f \u0447\u0442\u0435\u043d\u0438\u044f":"4 \u043c\u0438\u043d\u0443\u0442\u044b"},"schema":{"@context":"https:\/\/schema.org","@graph":[{"@type":"WebSite","@id":"https:\/\/www.borplastikaeko.me\/#website","url":"https:\/\/www.borplastikaeko.me\/","name":"Bor Plastika","description":"Samo jo\u0161 jedna WordPress web stranica","potentialAction":[{"@type":"SearchAction","target":{"@type":"EntryPoint","urlTemplate":"https:\/\/www.borplastikaeko.me\/?s={search_term_string}"},"query-input":"required name=search_term_string"}],"inLanguage":"ru-RU"},{"@type":"WebPage","@id":"https:\/\/www.borplastikaeko.me\/ru\/o-nama\/#webpage","url":"https:\/\/www.borplastikaeko.me\/ru\/o-nama\/","name":"O nama - Bor Plastika","isPartOf":{"@id":"https:\/\/www.borplastikaeko.me\/#website"},"datePublished":"2015-08-01T23:58:16+00:00","dateModified":"2015-08-01T23:58:16+00:00","breadcrumb":{"@id":"https:\/\/www.borplastikaeko.me\/ru\/o-nama\/#breadcrumb"},"inLanguage":"ru-RU","potentialAction":[{"@type":"ReadAction","target":["https:\/\/www.borplastikaeko.me\/ru\/o-nama\/"]}]},{"@type":"BreadcrumbList","@id":"https:\/\/www.borplastikaeko.me\/ru\/o-nama\/#breadcrumb","itemListElement":[{"@type":"ListItem","position":1,"name":"Po\u010detna stranica","item":"https:\/\/www.borplastikaeko.me\/ru\/"},{"@type":"ListItem","position":2,"name":"O nama"}]}]}},"_links":{"self":[{"href":"https:\/\/www.borplastikaeko.me\/ru\/wp-json\/wp\/v2\/pages\/9297"}],"collection":[{"href":"https:\/\/www.borplastikaeko.me\/ru\/wp-json\/wp\/v2\/pages"}],"about":[{"href":"https:\/\/www.borplastikaeko.me\/ru\/wp-json\/wp\/v2\/types\/page"}],"author":[{"embeddable":true,"href":"https:\/\/www.borplastikaeko.me\/ru\/wp-json\/wp\/v2\/users\/1"}],"replies":[{"embeddable":true,"href":"https:\/\/www.borplastikaeko.me\/ru\/wp-json\/wp\/v2\/comments?post=9297"}],"version-history":[{"count":0,"href":"https:\/\/www.borplastikaeko.me\/ru\/wp-json\/wp\/v2\/pages\/9297\/revisions"}],"wp:attachment":[{"href":"https:\/\/www.borplastikaeko.me\/ru\/wp-json\/wp\/v2\/media?parent=9297"}],"curies":[{"name":"wp","href":"https:\/\/api.w.org\/{rel}","templated":true}]}}