{"id":9345,"date":"2015-08-03T08:40:24","date_gmt":"2015-08-03T08:40:24","guid":{"rendered":"http:\/\/bor-plastika.kliktronik.info\/ru\/bioloski-procistaci\/mikrofiltracija\/mikrofiltracija-bp-asp-n-ultra\/"},"modified":"2015-10-06T19:02:31","modified_gmt":"2015-10-06T19:02:31","slug":"mikrofiltracija-bp-asp-n-ultra","status":"publish","type":"page","link":"https:\/\/www.borplastikaeko.me\/ru\/bioloski-procistaci\/mikrofiltracija\/mikrofiltracija-bp-asp-n-ultra\/","title":{"rendered":"BP ASP N ULTRA"},"content":{"rendered":"<p>[vc_row][vc_column][vc_single_image image=&#187;8546&#8243; img_size=&#187;full&#187;][\/vc_column][\/vc_row][vc_row][vc_column][vc_column_text]<span id=\"result_box\" class=\"\" lang=\"ru\"><span class=\"hps\">\u0412\u0420<\/span> <span class=\"hps\">ASP<\/span> <span class=\"hps\">N<\/span> <span class=\"hps\">ULTRA<\/span> <span class=\"hps\">&#8212;<\/span> <span class=\"hps\">\u043e\u0447\u0438\u0441\u0442\u043a\u0430 \u0441\u0442\u043e\u0447\u043d\u044b\u0445<\/span> <span class=\"hps\">\u0441\u0435\u043c\u0435\u0439\u043d\u044b\u0435 \u0434\u043e\u043c\u0430<\/span>, <span class=\"hps\">\u043d\u0435\u0431\u043e\u043b\u044c\u0448\u0438\u0435 \u0444\u0430\u0431\u0440\u0438\u043a\u0438<\/span>, \u0433\u043e\u0441\u0442\u0438\u043d\u0438\u0446\u044b, <span class=\"hps\">\u043d\u0435\u0431\u043e\u043b\u044c\u0448\u0438\u0435 \u043f\u043e\u0441\u0435\u043b\u0435\u043d\u0438\u044f<\/span> <span class=\"hps\">\u0438 \u0447\u0430\u0441\u0442\u0438<\/span> <span class=\"hps\">\u0433\u043e\u0440\u043e\u0434\u0430<\/span> <span class=\"hps\">\u0434\u043e 1000<\/span> <span class=\"hps\">PE<\/span> <span class=\"hps\">(\u044d\u043a\u0432\u0438\u0432\u0430\u043b\u0435\u043d\u0442<\/span> <span class=\"hps\">\u043d\u0430\u0441\u0435\u043b\u0435\u043d\u0438\u044f<\/span>).<\/span><\/p>\n<p><span class=\"hps\">\u041a\u0430\u043b\u0438\u0431\u0440\u043e\u0432\u043a\u0430<\/span> <span class=\"hps\">\u0431\u0438\u043e\u043b\u043e\u0433\u0438\u0447\u0435\u0441\u043a\u0430\u044f<\/span> <span class=\"hps\">\u0441\u0442\u0430\u043d\u0446\u0438\u044f \u043e\u0447\u0438\u0441\u0442\u043a\u0438 \u0441\u0442\u043e\u0447\u043d\u044b\u0445 \u0432\u043e\u0434<\/span> <span class=\"hps\">\u0412\u0420<\/span> <span class=\"hps\">ASP<\/span> <span class=\"hps\">N<\/span> <span class=\"hps\">ULTRA<\/span> <span class=\"hps\">\u0431\u044b\u043b\u043e \u0441\u0434\u0435\u043b\u0430\u043d\u043e \u0432<\/span> <span class=\"hps\">\u0441\u043e\u043e\u0442\u0432\u0435\u0442\u0441\u0442\u0432\u0438\u0438<\/span> <span class=\"hps\">\u0441<\/span> <span class=\"hps\">EN<\/span> <span class=\"hps\">12566-3<\/span> <span class=\"hps\">\u0438<\/span> <span class=\"hps\">EN<\/span> <span class=\"hps\">12255<\/span>, \u0442\u0430\u043a <span class=\"hps\">\u043f\u0440\u0435\u0434\u043e\u0441\u0442\u0430\u0432\u043b\u0435\u043d\u043d\u043e\u0439<\/span> <span class=\"hps\">1<\/span> <span class=\"hps\">\u043f\u043e\u0442\u0440\u0435\u0431\u043b\u0435\u043d\u0438\u044f<\/span> <span class=\"hps\">\u0415\u0421<\/span> <span class=\"hps\">150<\/span> <span class=\"hps\">\u043b \/<\/span> <span class=\"hps\">\u0441\u0443\u0442\u043a\u0438<\/span> <span class=\"hps\">\u0432\u043e\u0434\u044b<\/span> <span class=\"hps\">\u0438<\/span> <span class=\"hps\">60 \u0433<\/span> <span class=\"hps\">\u0411\u041f\u041a5<\/span> <span class=\"hps\">\/ \u0441\u0443\u0442\u043a\u0438.<\/span>[\/vc_column_text][\/vc_column][\/vc_row][vc_row][vc_column width=&#187;1\/3&#8243;][vc_column_text]<\/p>\n<h2 style=\"text-align: center;\">\u041d\u041e\u0420\u041c\u0410<\/h2>\n<p style=\"text-align: center;\">EN 12566-3 i\u00a0 EN 12255<\/p>\n<p>[\/vc_column_text][\/vc_column][vc_column width=&#187;1\/3&#8243;][vc_column_text]<\/p>\n<h2 style=\"text-align: center;\">\u041f\u0420\u0418\u041c\u0415\u041d\u0415\u041d\u0418\u0415<\/h2>\n<p style=\"text-align: center;\">\u041e\u0442\u0434\u0435\u043b\u044c\u043d\u044b\u0435 \u043e\u0431\u044a\u0435\u043a\u0442\u044b, \u043d\u0435\u0431\u043e\u043b\u044c\u0448\u0438\u0435 \u043f\u043e\u0441\u0435\u043b\u0435\u043d\u0438\u044f<\/p>\n<p>[\/vc_column_text][\/vc_column][vc_column width=&#187;1\/3&#8243;][vc_column_text]<\/p>\n<h2 style=\"text-align: center;\">\u041c\u041e\u041d\u0422\u0410\u0416<\/h2>\n<p style=\"text-align: center;\"><a href=\"https:\/\/www.borplastikaeko.me\/ru\/nacin-ugradnje-u-kolovoznu-i-zelenu-povrsinu\/\">\u0423\u0441\u0442\u0430\u043d\u043e\u0432\u043a\u0430 \u0432 \u0434\u043e\u0440\u043e\u0436\u043d\u044b\u0435 \u043f\u043e\u0432\u0435\u0440\u0445\u043d\u043e\u0441\u0442\u0438 \u0438 \u0432 \u0437\u0435\u043b\u0435\u043d\u044b\u0445 \u0437\u043e\u043d<\/a><\/p>\n<p>[\/vc_column_text][\/vc_column][\/vc_row][vc_row][vc_column][vc_column_text]<\/p>\n<h2>\u041e\u041f\u0418\u0421\u0410\u041d\u0418\u0415 \u0420\u0410\u0411\u041e\u0422\u042b \u0423\u0421\u0422\u0420\u041e\u0419\u0421\u0422\u0412\u0410<\/h2>\n<p>[\/vc_column_text][vc_column_text]<span id=\"result_box\" class=\"\" lang=\"ru\"><span title=\"Otpadna voda ulazi u primarni talo\u017enik koji istovremeno slu\u017ei kao spremnik za vi\u0161ak mulja.\">\u0421\u0442\u043e\u0447\u043d\u0430\u044f \u0432\u043e\u0434\u0430 \u043f\u043e\u0441\u0442\u0443\u043f\u0430\u0435\u0442 \u0432 \u0431\u0430\u043a, \u0448\u043b\u0430\u043c\u0430, \u043a\u043e\u0442\u043e\u0440\u044b\u0439 \u0442\u0430\u043a\u0436\u0435 \u0441\u043b\u0443\u0436\u0438\u0442 \u0432 \u043a\u0430\u0447\u0435\u0441\u0442\u0432\u0435 \u0440\u0435\u0437\u0435\u0440\u0432\u0443\u0430\u0440\u0430 \u0434\u043b\u044f \u0438\u0437\u0431\u044b\u0442\u043e\u0447\u043d\u043e\u0433\u043e \u0438\u043b\u0430. <\/span><span title=\"Sedimentiraju\u0107im i plivaju\u0107im tvarima sprje\u010dava se dalji prolaz te su podvrgnute anaerobnoj razgradnji.\">\u0421\u0435\u0434\u0438\u043c\u0435\u043d\u0442\u0430\u0446\u0438\u0438 \u0438 \u043f\u043b\u0430\u0432\u0430\u044e\u0449\u0438\u0435 \u0432\u0435\u0449\u0435\u0441\u0442\u0432\u0430 \u043f\u0440\u0435\u0434\u043e\u0442\u0432\u0440\u0430\u0449\u0430\u044e\u0442 \u0434\u0430\u043b\u044c\u043d\u0435\u0439\u0448\u0435\u0435 \u043f\u0440\u043e\u0445\u043e\u0436\u0434\u0435\u043d\u0438\u0435 \u0438 \u043f\u043e\u0434\u0432\u0435\u0440\u0433\u0430\u044e\u0442\u0441\u044f \u0430\u043d\u0430\u044d\u0440\u043e\u0431\u043d\u043e\u0433\u043e \u0440\u0430\u0437\u043b\u043e\u0436\u0435\u043d\u0438\u044f. <\/span><span title=\"Mehani\u010dki tretirana voda prelijeva se u aktivacijski dio u kojem se nalazi mikrofiltracijski modul.\">\u041c\u0435\u0445\u0430\u043d\u0438\u0447\u0435\u0441\u043a\u0438 \u043e\u0431\u0440\u0430\u0431\u043e\u0442\u0430\u043d\u043d\u0430\u044f \u0432\u043e\u0434\u0430 \u043f\u0435\u0440\u0435\u043b\u0438\u0432\u0430\u0435\u0442\u0441\u044f \u0432 \u0447\u0430\u0441\u0442\u0438 \u0430\u043a\u0442\u0438\u0432\u0430\u0446\u0438\u0438, \u0433\u0434\u0435 \u0435\u0441\u0442\u044c \u043c\u043e\u0434\u0443\u043b\u044c \u043c\u0438\u043a\u0440\u043e\u0444\u0438\u043b\u044c\u0442\u0440\u0430\u0446\u0438\u0438. <\/span><span title=\"Aktivacijski dio koristi se za biolo\u0161ki tretman i mikrofiltraciju kroz membrane.\">\u0420\u0430\u0437\u0434\u0435\u043b \u0410\u043a\u0442\u0438\u0432\u0430\u0446\u0438\u044f \u0438\u0441\u043f\u043e\u043b\u044c\u0437\u0443\u0435\u0442\u0441\u044f \u0434\u043b\u044f \u0431\u0438\u043e\u043b\u043e\u0433\u0438\u0447\u0435\u0441\u043a\u043e\u0439 \u043e\u0447\u0438\u0441\u0442\u043a\u0438 \u0438 \u043c\u0438\u043a\u0440\u043e\u0444\u0438\u043b\u044c\u0442\u0440\u0430\u0446\u0438\u0438 \u043c\u0435\u043c\u0431\u0440\u0430\u043d\u044b. <\/span><span title=\"Na dnu ovoga dijela postavljeni su aeratori koji slu\u017ee za aeraciju spremnika i \u010di\u0161\u0107enje membrane, a zrakom ih opskrbljuje puhalo. \">\u0412 \u043d\u0438\u0436\u043d\u0435\u0439 \u0447\u0430\u0441\u0442\u0438 \u044d\u0442\u043e\u0439 \u0441\u0435\u043a\u0446\u0438\u0438 \u043d\u0430\u0431\u043e\u0440 \u0430\u044d\u0440\u0430\u0442\u043e\u0440\u044b \u0438\u0441\u043f\u043e\u043b\u044c\u0437\u0443\u044e\u0442\u0441\u044f \u0434\u043b\u044f \u0430\u044d\u0440\u0430\u0446\u0438\u0438 \u0438 \u043e\u0447\u0438\u0441\u0442\u043a\u0438 \u043c\u0435\u043c\u0431\u0440\u0430\u043d\u044b \u0438 \u0432\u043e\u0437\u0434\u0443\u0445\u043e\u0434\u0443\u0432\u043a\u0438 \u0434\u043b\u044f \u043f\u043e\u0434\u0430\u0447\u0438 \u0438\u0445.<\/span><\/span><\/p>\n<p><span title=\"Prednost ovog tipa pro\u010dista\u010da BP ASP N ULTRA je akumulacijski dio unutar cijelog aktivacijskog tanka koji se koristi za skupljanje otpadne vode i krutih tvari iz pro\u010dista\u010da. \">\u041f\u0440\u0435\u0438\u043c\u0443\u0449\u0435\u0441\u0442\u0432\u043e \u044d\u0442\u043e\u0433\u043e \u0442\u0438\u043f\u0430 \u0444\u0438\u043b\u044c\u0442\u0440\u0430 \u0412\u0420 ASP N ULTRA \u043d\u0430\u043a\u043e\u043f\u043b\u0435\u043d\u0438\u044f \u0441\u0435\u043a\u0446\u0438\u0438 \u0432 \u043f\u0440\u0435\u0434\u0435\u043b\u0430\u0445 \u0432\u0441\u0435\u0439 \u0430\u043a\u0442\u0438\u0432\u0430\u0446\u0438\u043e\u043d\u043d\u043e\u0433\u043e \u0440\u0435\u0437\u0435\u0440\u0432\u0443\u0430\u0440\u0430, \u043a\u043e\u0442\u043e\u0440\u044b\u0439 \u0438\u0441\u043f\u043e\u043b\u044c\u0437\u0443\u0435\u0442\u0441\u044f \u0434\u043b\u044f \u0441\u0431\u043e\u0440\u0430 \u0441\u0442\u043e\u0447\u043d\u044b\u0445 \u0432\u043e\u0434 \u0438 \u0442\u0432\u0435\u0440\u0434\u044b\u0445 \u0432\u0435\u0449\u0435\u0441\u0442\u0432 \u0438\u0437 \u0444\u0438\u043b\u044c\u0442\u0440\u0430.<\/span><\/p>\n<p><span title=\"Smjesa aktivnog mulja filtrira se pod tlakom kroz membranu.\">\u041e\u0441\u0430\u0434\u043a\u0430 \u0441\u043c\u0435\u0441\u0438 \u0430\u043a\u0442\u0438\u0432\u0438\u0440\u043e\u0432\u0430\u043d\u043d\u043e\u0433\u043e \u0444\u0438\u043b\u044c\u0442\u0440\u0443\u044e\u0442 \u043f\u043e\u0434 \u0434\u0430\u0432\u043b\u0435\u043d\u0438\u0435\u043c \u0447\u0435\u0440\u0435\u0437 \u043c\u0435\u043c\u0431\u0440\u0430\u043d\u0443. <\/span><span title=\"U slu\u010daju da modul za mikrofiltraciju nije u funkciji, smjesa se prelijeva u vertikalni sekundarni talo\u017enik gdje se nakuplja i talo\u017ei mulj i naknadno pro\u010di\u0161\u0107ena voda istje\u010de van.\">\u0412 \u0441\u043b\u0443\u0447\u0430\u0435 \u043c\u043e\u0434\u0443\u043b\u044f \u043c\u0438\u043a\u0440\u043e\u0444\u0438\u043b\u044c\u0442\u0440\u0430\u0446\u0438\u0438 \u043d\u0435 \u0440\u0430\u0431\u043e\u0442\u0430\u0435\u0442, \u0441\u043c\u0435\u0441\u044c \u0432\u044b\u043b\u0438\u0432\u0430\u044e\u0442 \u0432 \u0432\u0435\u0440\u0442\u0438\u043a\u0430\u043b\u044c\u043d\u043e\u043c \u0432\u0442\u043e\u0440\u0438\u0447\u043d\u043e\u043c \u043e\u0442\u0441\u0442\u043e\u0439\u043d\u0438\u043a, \u0433\u0434\u0435 \u0448\u043b\u0430\u043c \u043e\u0441\u0435\u0434\u0430\u0435\u0442 \u0438 \u043d\u0430\u043a\u0430\u043f\u043b\u0438\u0432\u0430\u0435\u0442\u0441\u044f, \u0430 \u0437\u0430\u0442\u0435\u043c \u043e\u0447\u0438\u0449\u0435\u043d\u043d\u0443\u044e \u0432\u043e\u0434\u0443 \u0437\u0430\u043a\u0430\u043d\u0447\u0438\u0432\u0430\u0435\u0442\u0441\u044f. <\/span><span title=\"Koncentrirani mulj sa dna sekundarnog talo\u017enika vra\u0107a se u primarni talo\u017enik.\">\u041a\u043e\u043d\u0446\u0435\u043d\u0442\u0440\u0438\u0440\u043e\u0432\u0430\u043d\u043d\u044b\u0439 \u0448\u043b\u0430\u043c \u0438\u0437 \u043d\u0438\u0436\u043d\u0435\u0439 \u0447\u0430\u0441\u0442\u0438 \u0432\u0442\u043e\u0440\u0438\u0447\u043d\u043e\u0433\u043e \u043e\u0442\u0441\u0442\u043e\u0439\u043d\u0438\u043a\u0430 \u0432\u043e\u0437\u0432\u0440\u0430\u0449\u0430\u0435\u0442\u0441\u044f \u0432 \u043e\u0442\u0441\u0442\u043e\u0439\u043d\u0438\u043a\u0435. <\/span><span title=\"Dio aktivnog mulja iz aktivacijskog dijela prepumpava se kao vi\u0161ak u primarni talo\u017enik.\">\u0427\u0430\u0441\u0442\u044c \u0430\u043a\u0442\u0438\u0432\u043d\u043e\u0433\u043e \u0438\u043b\u0430 \u0441\u043e \u0441\u0442\u043e\u0440\u043e\u043d\u044b \u0430\u043a\u0442\u0438\u0432\u0430\u0446\u0438\u0438 \u0437\u0430\u043a\u0430\u0447\u0438\u0432\u0430\u0435\u0442\u0441\u044f \u0432 \u0438\u0437\u0431\u044b\u0442\u043a\u0435 \u0432 \u043e\u0442\u0441\u0442\u043e\u0439\u043d\u0438\u043a\u0435.<\/span>[\/vc_column_text][\/vc_column][\/vc_row][vc_row][vc_column][vc_column_text]<\/p>\n<h2>\u0422\u0415\u0425\u041d\u0418\u0427\u0415\u0421\u041a\u0418\u0415 \u0425\u0410\u0420\u0410\u041a\u0422\u0415\u0420\u0418\u0421\u0422\u0418\u041a\u0418<\/h2>\n<p>[\/vc_column_text][\/vc_column][\/vc_row][vc_row][vc_column][vc_single_image image=&#187;8549&#8243; img_size=&#187;full&#187;][\/vc_column][\/vc_row][vc_row][vc_column]<div class=\"rd_img_gallery_ctn clearfix\" style=\"margin:0px auto 0px;\"><a class=\"prettyphoto ig_col_1 \" href=\"https:\/\/www.borplastikaeko.me\/wp-content\/uploads\/2015\/08\/BP-ASP-N-ULTRA1.jpg\"><img width=\"690\" height=\"381\" src=\"https:\/\/www.borplastikaeko.me\/wp-content\/uploads\/2015\/08\/BP-ASP-N-ULTRA1.jpg\" class=\"attachment-full\" alt=\"\" loading=\"lazy\" srcset=\"https:\/\/www.borplastikaeko.me\/wp-content\/uploads\/2015\/08\/BP-ASP-N-ULTRA1.jpg 690w, https:\/\/www.borplastikaeko.me\/wp-content\/uploads\/2015\/08\/BP-ASP-N-ULTRA1-300x166.jpg 300w\" sizes=\"(max-width: 690px) 100vw, 690px\" \/><\/a><\/div>[\/vc_column][\/vc_row]<\/p>\n","protected":false},"excerpt":{"rendered":"<p>[vc_row][vc_column][vc_single_image image=&#187;8546&#8243; img_size=&#187;full&#187;][\/vc_column][\/vc_row][vc_row][vc_column][vc_column_text]\u0412\u0420 ASP N ULTRA &#8212; \u043e\u0447\u0438\u0441\u0442\u043a\u0430 \u0441\u0442\u043e\u0447\u043d\u044b\u0445 \u0441\u0435\u043c\u0435\u0439\u043d\u044b\u0435 \u0434\u043e\u043c\u0430, \u043d\u0435\u0431\u043e\u043b\u044c\u0448\u0438\u0435 \u0444\u0430\u0431\u0440\u0438\u043a\u0438, \u0433\u043e\u0441\u0442\u0438\u043d\u0438\u0446\u044b, \u043d\u0435\u0431\u043e\u043b\u044c\u0448\u0438\u0435 \u043f\u043e\u0441\u0435\u043b\u0435\u043d\u0438\u044f \u0438 \u0447\u0430\u0441\u0442\u0438 \u0433\u043e\u0440\u043e\u0434\u0430 \u0434\u043e 1000 PE (\u044d\u043a\u0432\u0438\u0432\u0430\u043b\u0435\u043d\u0442 \u043d\u0430\u0441\u0435\u043b\u0435\u043d\u0438\u044f). \u041a\u0430\u043b\u0438\u0431\u0440\u043e\u0432\u043a\u0430 \u0431\u0438\u043e\u043b\u043e\u0433\u0438\u0447\u0435\u0441\u043a\u0430\u044f \u0441\u0442\u0430\u043d\u0446\u0438\u044f \u043e\u0447\u0438\u0441\u0442\u043a\u0438 \u0441\u0442\u043e\u0447\u043d\u044b\u0445 \u0432\u043e\u0434 \u0412\u0420 ASP N ULTRA \u0431\u044b\u043b\u043e \u0441\u0434\u0435\u043b\u0430\u043d\u043e \u0432 \u0441\u043e\u043e\u0442\u0432\u0435\u0442\u0441\u0442\u0432\u0438\u0438 \u0441 EN 12566-3 \u0438 EN 12255, \u0442\u0430\u043a \u043f\u0440\u0435\u0434\u043e\u0441\u0442\u0430\u0432\u043b\u0435\u043d\u043d\u043e\u0439 1 \u043f\u043e\u0442\u0440\u0435\u0431\u043b\u0435\u043d\u0438\u044f \u0415\u0421 150 \u043b \/ \u0441\u0443\u0442\u043a\u0438 \u0432\u043e\u0434\u044b \u0438<\/p>\n","protected":false},"author":1,"featured_media":0,"parent":9335,"menu_order":0,"comment_status":"open","ping_status":"open","template":"","meta":[],"yoast_head":"<!-- This site is optimized with the Yoast SEO plugin v18.4.1 - https:\/\/yoast.com\/wordpress\/plugins\/seo\/ -->\n<title>BP ASP N ULTRA - Bor Plastika<\/title>\n<meta name=\"robots\" content=\"index, follow, max-snippet:-1, max-image-preview:large, max-video-preview:-1\" \/>\n<link rel=\"canonical\" href=\"https:\/\/www.borplastikaeko.me\/ru\/bioloski-procistaci\/mikrofiltracija\/mikrofiltracija-bp-asp-n-ultra\/\" \/>\n<meta property=\"og:locale\" content=\"ru_RU\" \/>\n<meta property=\"og:type\" content=\"article\" \/>\n<meta property=\"og:title\" content=\"BP ASP N ULTRA - Bor Plastika\" \/>\n<meta property=\"og:description\" content=\"[vc_row][vc_column][vc_single_image image=&#187;8546&#8243; img_size=&#187;full&#187;][\/vc_column][\/vc_row][vc_row][vc_column][vc_column_text]\u0412\u0420 ASP N ULTRA &#8212; \u043e\u0447\u0438\u0441\u0442\u043a\u0430 \u0441\u0442\u043e\u0447\u043d\u044b\u0445 \u0441\u0435\u043c\u0435\u0439\u043d\u044b\u0435 \u0434\u043e\u043c\u0430, \u043d\u0435\u0431\u043e\u043b\u044c\u0448\u0438\u0435 \u0444\u0430\u0431\u0440\u0438\u043a\u0438, \u0433\u043e\u0441\u0442\u0438\u043d\u0438\u0446\u044b, \u043d\u0435\u0431\u043e\u043b\u044c\u0448\u0438\u0435 \u043f\u043e\u0441\u0435\u043b\u0435\u043d\u0438\u044f \u0438 \u0447\u0430\u0441\u0442\u0438 \u0433\u043e\u0440\u043e\u0434\u0430 \u0434\u043e 1000 PE (\u044d\u043a\u0432\u0438\u0432\u0430\u043b\u0435\u043d\u0442 \u043d\u0430\u0441\u0435\u043b\u0435\u043d\u0438\u044f). \u041a\u0430\u043b\u0438\u0431\u0440\u043e\u0432\u043a\u0430 \u0431\u0438\u043e\u043b\u043e\u0433\u0438\u0447\u0435\u0441\u043a\u0430\u044f \u0441\u0442\u0430\u043d\u0446\u0438\u044f \u043e\u0447\u0438\u0441\u0442\u043a\u0438 \u0441\u0442\u043e\u0447\u043d\u044b\u0445 \u0432\u043e\u0434 \u0412\u0420 ASP N ULTRA \u0431\u044b\u043b\u043e \u0441\u0434\u0435\u043b\u0430\u043d\u043e \u0432 \u0441\u043e\u043e\u0442\u0432\u0435\u0442\u0441\u0442\u0432\u0438\u0438 \u0441 EN 12566-3 \u0438 EN 12255, \u0442\u0430\u043a \u043f\u0440\u0435\u0434\u043e\u0441\u0442\u0430\u0432\u043b\u0435\u043d\u043d\u043e\u0439 1 \u043f\u043e\u0442\u0440\u0435\u0431\u043b\u0435\u043d\u0438\u044f \u0415\u0421 150 \u043b \/ \u0441\u0443\u0442\u043a\u0438 \u0432\u043e\u0434\u044b \u0438\" \/>\n<meta property=\"og:url\" content=\"https:\/\/www.borplastikaeko.me\/ru\/bioloski-procistaci\/mikrofiltracija\/mikrofiltracija-bp-asp-n-ultra\/\" \/>\n<meta property=\"og:site_name\" content=\"Bor Plastika\" \/>\n<meta property=\"article:modified_time\" content=\"2015-10-06T19:02:31+00:00\" \/>\n<meta name=\"twitter:card\" content=\"summary\" \/>\n<meta name=\"twitter:label1\" content=\"\u041f\u0440\u0438\u043c\u0435\u0440\u043d\u043e\u0435 \u0432\u0440\u0435\u043c\u044f \u0434\u043b\u044f \u0447\u0442\u0435\u043d\u0438\u044f\" \/>\n\t<meta name=\"twitter:data1\" content=\"1 \u043c\u0438\u043d\u0443\u0442\u0430\" \/>\n<script type=\"application\/ld+json\" class=\"yoast-schema-graph\">{\"@context\":\"https:\/\/schema.org\",\"@graph\":[{\"@type\":\"WebSite\",\"@id\":\"https:\/\/www.borplastikaeko.me\/#website\",\"url\":\"https:\/\/www.borplastikaeko.me\/\",\"name\":\"Bor Plastika\",\"description\":\"Samo jo\u0161 jedna WordPress web stranica\",\"potentialAction\":[{\"@type\":\"SearchAction\",\"target\":{\"@type\":\"EntryPoint\",\"urlTemplate\":\"https:\/\/www.borplastikaeko.me\/?s={search_term_string}\"},\"query-input\":\"required name=search_term_string\"}],\"inLanguage\":\"ru-RU\"},{\"@type\":\"WebPage\",\"@id\":\"https:\/\/www.borplastikaeko.me\/ru\/bioloski-procistaci\/mikrofiltracija\/mikrofiltracija-bp-asp-n-ultra\/#webpage\",\"url\":\"https:\/\/www.borplastikaeko.me\/ru\/bioloski-procistaci\/mikrofiltracija\/mikrofiltracija-bp-asp-n-ultra\/\",\"name\":\"BP ASP N ULTRA - Bor Plastika\",\"isPartOf\":{\"@id\":\"https:\/\/www.borplastikaeko.me\/#website\"},\"datePublished\":\"2015-08-03T08:40:24+00:00\",\"dateModified\":\"2015-10-06T19:02:31+00:00\",\"breadcrumb\":{\"@id\":\"https:\/\/www.borplastikaeko.me\/ru\/bioloski-procistaci\/mikrofiltracija\/mikrofiltracija-bp-asp-n-ultra\/#breadcrumb\"},\"inLanguage\":\"ru-RU\",\"potentialAction\":[{\"@type\":\"ReadAction\",\"target\":[\"https:\/\/www.borplastikaeko.me\/ru\/bioloski-procistaci\/mikrofiltracija\/mikrofiltracija-bp-asp-n-ultra\/\"]}]},{\"@type\":\"BreadcrumbList\",\"@id\":\"https:\/\/www.borplastikaeko.me\/ru\/bioloski-procistaci\/mikrofiltracija\/mikrofiltracija-bp-asp-n-ultra\/#breadcrumb\",\"itemListElement\":[{\"@type\":\"ListItem\",\"position\":1,\"name\":\"Po\u010detna stranica\",\"item\":\"https:\/\/www.borplastikaeko.me\/ru\/\"},{\"@type\":\"ListItem\",\"position\":2,\"name\":\"\u0411\u0438\u043e\u043b\u043e\u0433\u0438\u0447\u0435\u0441\u043a\u0438\u0435 \u043e\u0447\u0438\u0441\u0442\u0438\u0442\u0435\u043b\u0438\",\"item\":\"https:\/\/www.borplastikaeko.me\/ru\/bioloski-procistaci\/\"},{\"@type\":\"ListItem\",\"position\":3,\"name\":\"\u041c\u0438\u043a\u0440\u043e\u0444\u0438\u043b\u044c\u0442\u0440\u0430\u0446\u0438\u044f\",\"item\":\"https:\/\/www.borplastikaeko.me\/ru\/bioloski-procistaci\/mikrofiltracija\/\"},{\"@type\":\"ListItem\",\"position\":4,\"name\":\"BP ASP N ULTRA\"}]}]}<\/script>\n<!-- \/ Yoast SEO plugin. -->","yoast_head_json":{"title":"BP ASP N ULTRA - Bor Plastika","robots":{"index":"index","follow":"follow","max-snippet":"max-snippet:-1","max-image-preview":"max-image-preview:large","max-video-preview":"max-video-preview:-1"},"canonical":"https:\/\/www.borplastikaeko.me\/ru\/bioloski-procistaci\/mikrofiltracija\/mikrofiltracija-bp-asp-n-ultra\/","og_locale":"ru_RU","og_type":"article","og_title":"BP ASP N ULTRA - Bor Plastika","og_description":"[vc_row][vc_column][vc_single_image image=&#187;8546&#8243; img_size=&#187;full&#187;][\/vc_column][\/vc_row][vc_row][vc_column][vc_column_text]\u0412\u0420 ASP N ULTRA &#8212; \u043e\u0447\u0438\u0441\u0442\u043a\u0430 \u0441\u0442\u043e\u0447\u043d\u044b\u0445 \u0441\u0435\u043c\u0435\u0439\u043d\u044b\u0435 \u0434\u043e\u043c\u0430, \u043d\u0435\u0431\u043e\u043b\u044c\u0448\u0438\u0435 \u0444\u0430\u0431\u0440\u0438\u043a\u0438, \u0433\u043e\u0441\u0442\u0438\u043d\u0438\u0446\u044b, \u043d\u0435\u0431\u043e\u043b\u044c\u0448\u0438\u0435 \u043f\u043e\u0441\u0435\u043b\u0435\u043d\u0438\u044f \u0438 \u0447\u0430\u0441\u0442\u0438 \u0433\u043e\u0440\u043e\u0434\u0430 \u0434\u043e 1000 PE (\u044d\u043a\u0432\u0438\u0432\u0430\u043b\u0435\u043d\u0442 \u043d\u0430\u0441\u0435\u043b\u0435\u043d\u0438\u044f). \u041a\u0430\u043b\u0438\u0431\u0440\u043e\u0432\u043a\u0430 \u0431\u0438\u043e\u043b\u043e\u0433\u0438\u0447\u0435\u0441\u043a\u0430\u044f \u0441\u0442\u0430\u043d\u0446\u0438\u044f \u043e\u0447\u0438\u0441\u0442\u043a\u0438 \u0441\u0442\u043e\u0447\u043d\u044b\u0445 \u0432\u043e\u0434 \u0412\u0420 ASP N ULTRA \u0431\u044b\u043b\u043e \u0441\u0434\u0435\u043b\u0430\u043d\u043e \u0432 \u0441\u043e\u043e\u0442\u0432\u0435\u0442\u0441\u0442\u0432\u0438\u0438 \u0441 EN 12566-3 \u0438 EN 12255, \u0442\u0430\u043a \u043f\u0440\u0435\u0434\u043e\u0441\u0442\u0430\u0432\u043b\u0435\u043d\u043d\u043e\u0439 1 \u043f\u043e\u0442\u0440\u0435\u0431\u043b\u0435\u043d\u0438\u044f \u0415\u0421 150 \u043b \/ \u0441\u0443\u0442\u043a\u0438 \u0432\u043e\u0434\u044b \u0438","og_url":"https:\/\/www.borplastikaeko.me\/ru\/bioloski-procistaci\/mikrofiltracija\/mikrofiltracija-bp-asp-n-ultra\/","og_site_name":"Bor Plastika","article_modified_time":"2015-10-06T19:02:31+00:00","twitter_card":"summary","twitter_misc":{"\u041f\u0440\u0438\u043c\u0435\u0440\u043d\u043e\u0435 \u0432\u0440\u0435\u043c\u044f \u0434\u043b\u044f \u0447\u0442\u0435\u043d\u0438\u044f":"1 \u043c\u0438\u043d\u0443\u0442\u0430"},"schema":{"@context":"https:\/\/schema.org","@graph":[{"@type":"WebSite","@id":"https:\/\/www.borplastikaeko.me\/#website","url":"https:\/\/www.borplastikaeko.me\/","name":"Bor Plastika","description":"Samo jo\u0161 jedna WordPress web stranica","potentialAction":[{"@type":"SearchAction","target":{"@type":"EntryPoint","urlTemplate":"https:\/\/www.borplastikaeko.me\/?s={search_term_string}"},"query-input":"required name=search_term_string"}],"inLanguage":"ru-RU"},{"@type":"WebPage","@id":"https:\/\/www.borplastikaeko.me\/ru\/bioloski-procistaci\/mikrofiltracija\/mikrofiltracija-bp-asp-n-ultra\/#webpage","url":"https:\/\/www.borplastikaeko.me\/ru\/bioloski-procistaci\/mikrofiltracija\/mikrofiltracija-bp-asp-n-ultra\/","name":"BP ASP N ULTRA - Bor Plastika","isPartOf":{"@id":"https:\/\/www.borplastikaeko.me\/#website"},"datePublished":"2015-08-03T08:40:24+00:00","dateModified":"2015-10-06T19:02:31+00:00","breadcrumb":{"@id":"https:\/\/www.borplastikaeko.me\/ru\/bioloski-procistaci\/mikrofiltracija\/mikrofiltracija-bp-asp-n-ultra\/#breadcrumb"},"inLanguage":"ru-RU","potentialAction":[{"@type":"ReadAction","target":["https:\/\/www.borplastikaeko.me\/ru\/bioloski-procistaci\/mikrofiltracija\/mikrofiltracija-bp-asp-n-ultra\/"]}]},{"@type":"BreadcrumbList","@id":"https:\/\/www.borplastikaeko.me\/ru\/bioloski-procistaci\/mikrofiltracija\/mikrofiltracija-bp-asp-n-ultra\/#breadcrumb","itemListElement":[{"@type":"ListItem","position":1,"name":"Po\u010detna stranica","item":"https:\/\/www.borplastikaeko.me\/ru\/"},{"@type":"ListItem","position":2,"name":"\u0411\u0438\u043e\u043b\u043e\u0433\u0438\u0447\u0435\u0441\u043a\u0438\u0435 \u043e\u0447\u0438\u0441\u0442\u0438\u0442\u0435\u043b\u0438","item":"https:\/\/www.borplastikaeko.me\/ru\/bioloski-procistaci\/"},{"@type":"ListItem","position":3,"name":"\u041c\u0438\u043a\u0440\u043e\u0444\u0438\u043b\u044c\u0442\u0440\u0430\u0446\u0438\u044f","item":"https:\/\/www.borplastikaeko.me\/ru\/bioloski-procistaci\/mikrofiltracija\/"},{"@type":"ListItem","position":4,"name":"BP ASP N ULTRA"}]}]}},"_links":{"self":[{"href":"https:\/\/www.borplastikaeko.me\/ru\/wp-json\/wp\/v2\/pages\/9345"}],"collection":[{"href":"https:\/\/www.borplastikaeko.me\/ru\/wp-json\/wp\/v2\/pages"}],"about":[{"href":"https:\/\/www.borplastikaeko.me\/ru\/wp-json\/wp\/v2\/types\/page"}],"author":[{"embeddable":true,"href":"https:\/\/www.borplastikaeko.me\/ru\/wp-json\/wp\/v2\/users\/1"}],"replies":[{"embeddable":true,"href":"https:\/\/www.borplastikaeko.me\/ru\/wp-json\/wp\/v2\/comments?post=9345"}],"version-history":[{"count":3,"href":"https:\/\/www.borplastikaeko.me\/ru\/wp-json\/wp\/v2\/pages\/9345\/revisions"}],"predecessor-version":[{"id":10049,"href":"https:\/\/www.borplastikaeko.me\/ru\/wp-json\/wp\/v2\/pages\/9345\/revisions\/10049"}],"up":[{"embeddable":true,"href":"https:\/\/www.borplastikaeko.me\/ru\/wp-json\/wp\/v2\/pages\/9335"}],"wp:attachment":[{"href":"https:\/\/www.borplastikaeko.me\/ru\/wp-json\/wp\/v2\/media?parent=9345"}],"curies":[{"name":"wp","href":"https:\/\/api.w.org\/{rel}","templated":true}]}}